{"id":35,"date":"2019-08-30T13:02:24","date_gmt":"2019-08-30T11:02:24","guid":{"rendered":"http:\/\/meblowyblog.pl\/?page_id=35"},"modified":"2019-08-30T13:02:24","modified_gmt":"2019-08-30T11:02:24","slug":"o-nas","status":"publish","type":"page","link":"https:\/\/meblowyblog.pl\/?page_id=35","title":{"rendered":"O nas"},"content":{"rendered":"\n<p>Nasz blog to \u015bwietne \u017ar\u00f3d\u0142o inspiracji zwi\u0105zanych z aran\u017cacj\u0105 i wystrojem domu. Je\u015bli planujesz zmieni\u0107 wystr\u00f3j swoich czterech \u015bcian poprzez ma\u0142y drobiazg b\u0105d\u017a zmian\u0119 ca\u0142ej koncepcji wn\u0119trza domu lub mieszkania to dobrze trafi\u0142e\u015b. Sprawdzamy jak w najlepszy spos\u00f3b po\u0142\u0105czy\u0107 funkcjonalno\u015b\u0107 z estetyk\u0105 dziel\u0105c si\u0119 przy tym gotowymi schematami, kt\u00f3rymi mo\u017cesz pod\u0105\u017ca\u0107. Wiemy, \u017ce ka\u017cde miejsce, te ma\u0142e jak i nieco wi\u0119ksze, daje mn\u00f3stwo mo\u017cliwo\u015bci i chcemy to pokaza\u0107.<\/p>\n\n\n\n<p>Obserwuj\u0105c najnowsze trendy i te, kt\u00f3re sta\u0142y si\u0119 nie\u015bmiertelne, dajemy mn\u00f3stwo pomys\u0142\u00f3w do urz\u0105dzenia w\u0142asnego lokum jak i miejsca wok\u00f3\u0142 niego w wysublimowanym, nieszablonowym stylu. \u0141\u0105czymy praktyczno\u015b\u0107, styl i designerstwo po to by\u015b m\u00f3g\u0142 by\u0107 w pe\u0142ni usatysfakcjonowany z otoczenia, w kt\u00f3rym si\u0119 znajdujesz.<\/p>\n","protected":false},"excerpt":{"rendered":"<p>Nasz blog to \u015bwietne \u017ar\u00f3d\u0142o inspiracji zwi\u0105zanych z aran\u017cacj\u0105 i wystrojem domu. Je\u015bli planujesz zmieni\u0107 wystr\u00f3j swoich czterech \u015bcian poprzez ma\u0142y drobiazg b\u0105d\u017a zmian\u0119 ca\u0142ej koncepcji wn\u0119trza domu lub mieszkania to dobrze trafi\u0142e\u015b. Sprawdzamy jak [&hellip;]<\/p>\n","protected":false},"author":1,"featured_media":0,"parent":0,"menu_order":0,"comment_status":"closed","ping_status":"closed","template":"","meta":[],"aioseo_notices":[],"_links":{"self":[{"href":"https:\/\/meblowyblog.pl\/index.php?rest_route=\/wp\/v2\/pages\/35"}],"collection":[{"href":"https:\/\/meblowyblog.pl\/index.php?rest_route=\/wp\/v2\/pages"}],"about":[{"href":"https:\/\/meblowyblog.pl\/index.php?rest_route=\/wp\/v2\/types\/page"}],"author":[{"embeddable":true,"href":"https:\/\/meblowyblog.pl\/index.php?rest_route=\/wp\/v2\/users\/1"}],"replies":[{"embeddable":true,"href":"https:\/\/meblowyblog.pl\/index.php?rest_route=%2Fwp%2Fv2%2Fcomments&post=35"}],"version-history":[{"count":1,"href":"https:\/\/meblowyblog.pl\/index.php?rest_route=\/wp\/v2\/pages\/35\/revisions"}],"predecessor-version":[{"id":36,"href":"https:\/\/meblowyblog.pl\/index.php?rest_route=\/wp\/v2\/pages\/35\/revisions\/36"}],"wp:attachment":[{"href":"https:\/\/meblowyblog.pl\/index.php?rest_route=%2Fwp%2Fv2%2Fmedia&parent=35"}],"curies":[{"name":"wp","href":"https:\/\/api.w.org\/{rel}","templated":true}]}}