{"id":32,"date":"2019-08-30T13:01:47","date_gmt":"2019-08-30T11:01:47","guid":{"rendered":"http:\/\/meblowyblog.pl\/?page_id=32"},"modified":"2019-08-30T13:02:11","modified_gmt":"2019-08-30T11:02:11","slug":"o-stronie","status":"publish","type":"page","link":"https:\/\/meblowyblog.pl\/?page_id=32","title":{"rendered":"O stronie"},"content":{"rendered":"\n<p>Szukasz inspiracji na urz\u0105dzenie domu, ogrodu czy tarasu? Nie wiesz jak zaaran\u017cowa\u0107 swoj\u0105 przestrze\u0144 \u017cyciow\u0105? Trafi\u0142e\u015b we w\u0142a\u015bciwe miejsce! Blog ten jest bowiem w pe\u0142ni po\u015bwi\u0119cony tematyce wn\u0119trzarskiej, urz\u0105dzaniu ogrod\u00f3w oraz taras\u00f3w, a tak\u017ce gospodarowania pomieszcze\u0144. Znajdziesz tutaj informacje na temat najnowszych trend\u00f3w panuj\u0105cych w ogrodach i domach, poznasz nowe style architektoniczne i co najwa\u017cniejsze &#8211; odnajdziesz pomys\u0142 na umeblowanie swojego mieszkania i przestrzeni wok\u00f3\u0142 niego. Wszystko w oparciu o rzetelne informacje, zgromadzone w jednym miejscu.<\/p>\n","protected":false},"excerpt":{"rendered":"<p>Szukasz inspiracji na urz\u0105dzenie domu, ogrodu czy tarasu? Nie wiesz jak zaaran\u017cowa\u0107 swoj\u0105 przestrze\u0144 \u017cyciow\u0105? Trafi\u0142e\u015b we w\u0142a\u015bciwe miejsce! Blog ten jest bowiem w pe\u0142ni po\u015bwi\u0119cony tematyce wn\u0119trzarskiej, urz\u0105dzaniu ogrod\u00f3w oraz taras\u00f3w, a tak\u017ce gospodarowania [&hellip;]<\/p>\n","protected":false},"author":1,"featured_media":0,"parent":0,"menu_order":0,"comment_status":"closed","ping_status":"closed","template":"","meta":[],"aioseo_notices":[],"_links":{"self":[{"href":"https:\/\/meblowyblog.pl\/index.php?rest_route=\/wp\/v2\/pages\/32"}],"collection":[{"href":"https:\/\/meblowyblog.pl\/index.php?rest_route=\/wp\/v2\/pages"}],"about":[{"href":"https:\/\/meblowyblog.pl\/index.php?rest_route=\/wp\/v2\/types\/page"}],"author":[{"embeddable":true,"href":"https:\/\/meblowyblog.pl\/index.php?rest_route=\/wp\/v2\/users\/1"}],"replies":[{"embeddable":true,"href":"https:\/\/meblowyblog.pl\/index.php?rest_route=%2Fwp%2Fv2%2Fcomments&post=32"}],"version-history":[{"count":2,"href":"https:\/\/meblowyblog.pl\/index.php?rest_route=\/wp\/v2\/pages\/32\/revisions"}],"predecessor-version":[{"id":34,"href":"https:\/\/meblowyblog.pl\/index.php?rest_route=\/wp\/v2\/pages\/32\/revisions\/34"}],"wp:attachment":[{"href":"https:\/\/meblowyblog.pl\/index.php?rest_route=%2Fwp%2Fv2%2Fmedia&parent=32"}],"curies":[{"name":"wp","href":"https:\/\/api.w.org\/{rel}","templated":true}]}}